{"id":681,"date":"2025-10-02T17:06:50","date_gmt":"2025-10-02T20:06:50","guid":{"rendered":"https:\/\/sarandinoticias.com\/blog\/produto\/rascunho-automatico-3\/"},"modified":"2025-10-21T13:49:31","modified_gmt":"2025-10-21T16:49:31","slug":"rascunho-automatico-3","status":"publish","type":"product","link":"https:\/\/sarandinoticias.com\/blog\/produto\/rascunho-automatico-3\/","title":{"rendered":"Conserto de Air-Flyer"},"content":{"rendered":"\r\n<p>Oferecemos servi\u00e7os especializados de conserto de air fryers, garantindo a restaura\u00e7\u00e3o do funcionamento ideal do seu eletrodom\u00e9stico. Nossa equipe t\u00e9cnica qualificada realiza diagn\u00f3stico preciso e reparos eficientes para resolver problemas.<\/p>\r\n","protected":false},"excerpt":{"rendered":"<p>Oferecemos servi\u00e7os especializados de conserto de air fryers, garantindo a restaura\u00e7\u00e3o do funcionamento ideal do seu eletrodom\u00e9stico. Nossa equipe t\u00e9cnica qualificada realiza diagn\u00f3stico preciso e reparos eficientes para resolver problemas.<\/p>\n","protected":false},"featured_media":0,"comment_status":"open","ping_status":"closed","template":"","meta":[],"product_brand":[],"product_cat":[20],"product_tag":[],"class_list":{"0":"post-681","1":"product","2":"type-product","3":"status-publish","5":"product_cat-listeo-booking","7":"first","8":"instock","9":"sale","10":"shipping-taxable","11":"purchasable","12":"product-type-simple"},"_links":{"self":[{"href":"https:\/\/sarandinoticias.com\/blog\/wp-json\/wp\/v2\/product\/681","targetHints":{"allow":["GET"]}}],"collection":[{"href":"https:\/\/sarandinoticias.com\/blog\/wp-json\/wp\/v2\/product"}],"about":[{"href":"https:\/\/sarandinoticias.com\/blog\/wp-json\/wp\/v2\/types\/product"}],"replies":[{"embeddable":true,"href":"https:\/\/sarandinoticias.com\/blog\/wp-json\/wp\/v2\/comments?post=681"}],"wp:attachment":[{"href":"https:\/\/sarandinoticias.com\/blog\/wp-json\/wp\/v2\/media?parent=681"}],"wp:term":[{"taxonomy":"product_brand","embeddable":true,"href":"https:\/\/sarandinoticias.com\/blog\/wp-json\/wp\/v2\/product_brand?post=681"},{"taxonomy":"product_cat","embeddable":true,"href":"https:\/\/sarandinoticias.com\/blog\/wp-json\/wp\/v2\/product_cat?post=681"},{"taxonomy":"product_tag","embeddable":true,"href":"https:\/\/sarandinoticias.com\/blog\/wp-json\/wp\/v2\/product_tag?post=681"}],"curies":[{"name":"wp","href":"https:\/\/api.w.org\/{rel}","templated":true}]}}